{"id":114,"date":"2019-06-11T21:47:43","date_gmt":"2019-06-11T19:47:43","guid":{"rendered":"https:\/\/www.pelletsheep.de\/?page_id=114"},"modified":"2024-07-15T15:52:14","modified_gmt":"2024-07-15T13:52:14","slug":"lohn-pelletierung","status":"publish","type":"page","link":"https:\/\/www.pelletsheep.de\/?page_id=114","title":{"rendered":"Lohn-Pelletierung"},"content":{"rendered":"\n<p>Lohnpelletierung <\/p>\n\n\n\n<p>Wir pelletieren folgende Rohstoffe: <br> \u2022 Schafwolle\/Rohwolle<\/p>\n\n\n\n<p>Vielen Dank f\u00fcr Ihr Interesse an der Lohnpelletierung. Gerne k\u00f6nnen wir auch eine kleine Menge pelletieren. Gar kein Problem \u2013 bitte beachten Sie, dass von 100% Wolle \u2013 85% Pellets verbleiben. <strong><em><\/em><\/strong><\/p>\n\n\n\n<p>Sie haben mehrere M\u00f6glichkeiten: <strong>LOHN, TAUSCH<\/strong> oder <strong>VERSAND<\/strong> (siehe Erkl\u00e4rungen unten). Die Kosten f\u00fcr die Pelletierung bleiben dieselben. Sie bezahlen den Preis f\u00fcr das Endprodukt Pellets.<\/p>\n\n\n\n<p>Im Anhang finden Sie auch alles Wesentliche. F\u00fcr eine weitere Planung rufen Sie mich bitte an. Ich kann ihnen auch behilflich sein bez\u00fcglich Ferienwohnungen und Tipps f\u00fcr Unternehmungen hier in unserer Region.<\/p>\n\n\n\n<p><strong><em><u>VERSAND + LOHNPELLETIERUNG:<\/u><\/em><\/strong><\/p>\n\n\n\n<p>Gerne k\u00f6nnen Sie die Wolle per Post an uns senden. 31,5 kg Versandgeb\u00fchren zur Zeit 19,99 Euro. Geben Sie mir bescheid, sobald Sie die Ware versendet haben. Versandkosten zahlt der Kunde.<strong><em><\/em><\/strong><\/p>\n\n\n\n<p>Dauer Lohnpelletierung eigener Wolle ca. 5 -10 Tage je nach Menge. Gro\u00dfe Mengen k\u00f6nnen nicht mit Speditionen Versand werden, da Schafwolle K3 Material (spezielle Frachtzulassung ist erforderlich) ist \u2013<\/p>\n\n\n\n<p>und es zu den Schlachtabf\u00e4llen geh\u00f6rt. Leider transportieren Speditionen, die Schlachtabf\u00e4lle transportieren aus hygienischen Gr\u00fcnden keine Wolle. Die Katze bei\u00dft sich somit in den Schwanz J.<\/p>\n\n\n\n<p><strong><u>LOHNPELLETIERUNG + EIGENER ANFAHRT:<\/u><\/strong><\/p>\n\n\n\n<p>Da wir die Pelletierung nicht an ihrem Annahmetag direkt im Anschluss durchf\u00fchren, m\u00fcssten wir einen 2. Termin zur Abholung planen. <strong><em>Dauer Lohnpelletierung eigener Wolle ca. 5 -10 Tage je nach Menge.<\/em><\/strong><\/p>\n\n\n\n<p>Bitte \u00fcberlegen Sie, in welcher Form Sie Ihre Pellets mit nehmen m\u00f6chten. In Big Packs, eigene Beh\u00e4lter (<strong>Blaue Schraubf\u00e4ssermit Deckel haben sich bew\u00e4hrt \u2013 Volumen: 10l entsprechen 5,5 kg Pellets)<\/strong><\/p>\n\n\n\n<p>von uns bereits in Kartons verpackt (gerne mit oder ohne unsere Beschriftung- Siehe Bilder im Anhang unserer Verpackung).<\/p>\n\n\n\n<p>Gerne k\u00f6nnen Sie auch eine gemischte Variation aus den oben genannten M\u00f6glichkeiten w\u00e4hlen und uns bei Terminbest\u00e4tigung mitgeteilt werden.<\/p>\n\n\n\n<p><strong><u>TAUSCHPELLETIERUNG+ EIGENE ANFAHRT:<\/u><\/strong><\/p>\n\n\n\n<p>Oft, nehmen meist die Lohnpelletkunden vor Ort gleich Pellets direkt im Tausch wieder mit. <strong><em>Terminvorlauf ca 1 Woche. <\/em><\/strong>Wir berechnen die Wolle in diesem Fall wie folgt: Die Wolle wird von uns vor Ort gewogen: Gewicht x 0,85 \u2013 dann erhalten Sie das reine Gewicht in Pellets . 100 kg Wolle ergeben ca. 85 kg reine Wollpellets. Wir haben beim Pressvorgang einen Verlust &nbsp;der durch die Hitze und durch das Hexeln der Wolle in der Hammerm\u00fchle entsteht, den wir somit einrechnen.<\/p>\n\n\n\n<p>Bitte \u00fcberlegen Sie, in welcher Form Sie Ihre Pellets mit nehmen m\u00f6chten. In Big Packs, eigene Beh\u00e4lter (<strong>Blaue Schraubf\u00e4ssermit Deckel haben sich bew\u00e4hrt \u2013 Volumen: 10l entsprechen 5,5 kg Pellets)<\/strong><\/p>\n\n\n\n<p>von uns bereits in Kartons verpackt (gerne mit oder ohne unsere Beschriftung- Siehe Bilder im Anhang unserer Verpackung).<\/p>\n\n\n\n<p>Gerne k\u00f6nnen Sie auch eine gemischte Variation aus den oben genannten M\u00f6glichkeiten w\u00e4hlen und uns bei Terminbest\u00e4tigung mitgeteilt werden.<\/p>\n\n\n\n<p><strong><u>Ein paar Spielregeln f\u00fcr hochwertige D\u00fcngepellets sind zu beachten:<\/u><\/strong><\/p>\n\n\n\n<p>Bitte achten Sie darauf, dass so wenig wie m\u00f6glich Kot und Stroh sich in der Wolle befindet.<\/p>\n\n\n\n<ul><li>Wolle von langhaarigen Schafen k\u00f6nnen wir nicht annehmen (Bsp. Heidschnucke).<\/li><\/ul>\n\n\n\n<ul><li>Bitte beachten Sie ebenfalls, dass die Wolle trocken zu uns transportiert werden muss \u2013 ebenso, dass die Pellets trocken abgeholt und gelagert werden sollen.<\/li><\/ul>\n\n\n\n<p><strong><em>Wir wollen f\u00fcr Sie gute hochwertige Pellets herstellen, aus diesem Grund ben\u00f6tigen wir unbedingt trockene Wolle.<\/em><\/strong><\/p>\n\n\n\n<p><strong><em>Da Schafwolle hygroskopisch ist und somit auch nach einer trockenen Schur in der Scheune\/Keller\/Garage Feuchtigkeit nachtr\u00e4glich anzieht. Somit ist oft eine richtige Lagerung bis zum Pelletiertermin entscheidend.<\/em><\/strong><\/p>\n\n\n\n<p><strong><em>Aus Erfahrung wissen wir folgendes:<\/em><\/strong><\/p>\n\n\n\n<ol type=\"1\"><li><strong><em>Sortieren Sie schon bei der Schur die Verunreinigungen aus \u2013da diese oft viel Feuchtigkeit in den Sack bringen)<\/em><\/strong><\/li><li><strong><em>Lagern Sie die Wolle luftig (S\u00e4cke nicht zu prall gepresst),<\/em><\/strong><\/li><li><strong><em>Lagerung am besten auf einer Europalette, weg von der Haus\/Schuppenwand,<\/em><\/strong><\/li><li><strong><em>wenn m\u00f6glich kann die Wolle gerne bei Sonne ein Sonnenbad bekommen.<\/em><\/strong><\/li><\/ol>\n\n\n\n<p>Wir werden vor Ort die Wolle auf den Feuchtigkeitsgehalt messen<strong><em> (Eine Restfeuchte unter 26% ist von N\u00f6ten)<\/em><\/strong> \u2013<strong><em>sollte dies nicht gew\u00e4hrleistet sein \u2013 <u>k\u00f6nnen wir die Wolle nicht pelletieren und somit auch nicht annehmen.<\/u><\/em><\/strong><\/p>\n\n\n\n<p>Aus diesem Grund w\u00e4re es von Vorteil, die Wolle vorab zuhause mit jedem handels\u00fcblichen Feuchtemessger\u00e4t (Holz- oder Heumessger\u00e4t) zu messen. Sollte dies nicht vorhanden sein:<\/p>\n\n\n\n<p>Eigenes Handmessger\u00e4t verwenden: An verschiedenen Stellen -einfach mal die Hand tief in den Sack, Augen zu und meist sp\u00fcrt man das selbst auch ohne Messger\u00e4t. J<\/p>\n\n\n\n<p><strong><em>Wir pelletieren von Ende November bis Mitte Juli je nach Witterung auch bis Mitte August![Sabine Laubengeiger] &nbsp;<\/em><\/strong><strong><em><\/em><\/strong><\/p>\n\n\n\n<p>In der Anlage finden Sie die aktuelle Preisliste (2. Seiten sind Wiederverkaufspreise f\u00fcr ihre Orientierung), Bilder, Etiketten und Karton Beispiele und eine Anfahrtsbeschreibung (Annahme der Wolle\/Abholung der Pellets Wiesensteigle 24, 72660 Beuren)<\/p>\n\n\n\n<p>Wenn Sie einverstanden sind, w\u00fcrde ich gerne eine Kartei anlegen, auch wenn Sie sich nicht f\u00fcr eine Lohnpelletierung entscheiden sollten. Wir w\u00fcrden Sie einmal im Jahr dann per Mail anschreiben um Sie auf dem Laufenden zu halten<\/p>\n\n\n\n<p>und ggf. Wollannahmetermine wieder freizuschalten. Da wir ein bundesweites Netz von Sch\u00e4fern anlegen wollen, sind diese Informationen immer sehr hilfreich. Da wir momentan sehr viel in verschiedenen Richtungen unternehmen,<\/p>\n\n\n\n<p>die Schafwolle in Deutschland wieder wertig zu machen.<\/p>\n\n\n\n<p>Sollten Sie noch Fragen haben oder dann einen konkreten Terminwunsch haben, k\u00f6nnen Sie mich jederzeit<strong><em>\/<\/em><\/strong>auch Wochenende auf meiner Mobilnummer 0163\/2513253 (gerne auch Whats app) erreichen.<\/p>\n\n\n\n<p>Folgen Sie uns auch auf <img loading=\"lazy\" width=\"36\" height=\"36\" src=\"\" alt=\"facebook, logo, social, media Symbol\"><a href=\"https:\/\/www.facebook.com\/173976614304993\/posts\/199172385118749\/?sfnsn=scwspmo\">Facebook: pelletsheep.de<\/a><strong><em> <\/em><\/strong>oder folgen Sie mir \u00fcber meinen Whatsapp Status: 0163\/2513253<\/p>\n\n\n\n<p>Erlaubt ist jegliche Verarbeitung von:<br> \u2022 Kleinmengen an Rohwolle<br> \u2022 Wolle schwarzer Schafe (bitte diese trotzdem getrennt packen)<br> \u2022 Nur trockene Wolle mit leichtem Verschmutzungsgrad. Wolle mit schweren Kot- und Dreckr\u00fcckst\u00e4nden k\u00f6nnen wir nur nach Nachreinigung annehmen. Bitte pr\u00fcfen Sie Ihre Wolle (Restfeuchte unter 27%) Wolle darf nicht nass werden beim Transport.<\/p>\n\n\n\n<p> \u2022 Annahme nur in offenen Papiers\u00e4cken oder BigPacks. Wolle in M\u00fclls\u00e4cken m\u00fcssen wir bez\u00fcglich der Schimmelgefahr abweisen.<\/p>\n\n\n\n<p><\/p>\n\n\n\n<p><strong>SEHR WICHTIG: Keine Metallklammern, Schn\u00fcre, B\u00e4nder, Kabelbinder, Klebeb\u00e4nder oder \u00e4hnliche Verschlussmaterialien verwenden. <br>Diese k\u00f6nnen durch versehentliche Nichtentfernung in die Maschine gelangen und diese sofort zerst\u00f6ren!<\/strong><\/p>\n\n\n\n<p><\/p>\n\n\n\n<p>Annahme- und Verarbeitungstermin nach telefonischer Absprache:<br>Sabine Laubengeiger Telefon 0163\/2513253 oder per E-Mail an info@pelletsheep.de <\/p>\n\n\n\n<p>Beurenerstr. 52 &#8211; 72660 Beuren<\/p>\n\n\n\n<div class=\"wp-block-file\"><a href=\"https:\/\/www.pelletsheep.de\/wp-content\/uploads\/2024\/07\/Lohnpelletierung-Preisliste-1-2024-1.pdf\">Lohnpelletierung-Preisliste-1-2024-1<\/a><a href=\"https:\/\/www.pelletsheep.de\/wp-content\/uploads\/2024\/07\/Lohnpelletierung-Preisliste-1-2024-1.pdf\" class=\"wp-block-file__button\" download>Herunterladen<\/a><\/div>\n\n\n\n<div class=\"wp-block-file\"><a href=\"https:\/\/www.pelletsheep.de\/wp-content\/uploads\/2024\/07\/Anfahrtskizze-Lohnpelletierung2021.pdf\">Anfahrtskizze-Lohnpelletierung2021<\/a><a href=\"https:\/\/www.pelletsheep.de\/wp-content\/uploads\/2024\/07\/Anfahrtskizze-Lohnpelletierung2021.pdf\" class=\"wp-block-file__button\" download>Herunterladen<\/a><\/div>\n","protected":false},"excerpt":{"rendered":"<p>Lohnpelletierung Wir pelletieren folgende Rohstoffe: \u2022 Schafwolle\/Rohwolle Vielen Dank f\u00fcr Ihr Interesse an der Lohnpelletierung. Gerne k\u00f6nnen wir auch eine kleine Menge pelletieren. Gar kein Problem \u2013 bitte beachten Sie, dass von 100% Wolle \u2013 85% Pellets verbleiben. Sie haben mehrere M\u00f6glichkeiten: LOHN, TAUSCH oder VERSAND (siehe Erkl\u00e4rungen unten). Die Kosten f\u00fcr die Pelletierung bleiben [&hellip;]<\/p>\n","protected":false},"author":1,"featured_media":0,"parent":0,"menu_order":0,"comment_status":"closed","ping_status":"closed","template":"","meta":[],"_links":{"self":[{"href":"https:\/\/www.pelletsheep.de\/index.php?rest_route=\/wp\/v2\/pages\/114"}],"collection":[{"href":"https:\/\/www.pelletsheep.de\/index.php?rest_route=\/wp\/v2\/pages"}],"about":[{"href":"https:\/\/www.pelletsheep.de\/index.php?rest_route=\/wp\/v2\/types\/page"}],"author":[{"embeddable":true,"href":"https:\/\/www.pelletsheep.de\/index.php?rest_route=\/wp\/v2\/users\/1"}],"replies":[{"embeddable":true,"href":"https:\/\/www.pelletsheep.de\/index.php?rest_route=%2Fwp%2Fv2%2Fcomments&post=114"}],"version-history":[{"count":9,"href":"https:\/\/www.pelletsheep.de\/index.php?rest_route=\/wp\/v2\/pages\/114\/revisions"}],"predecessor-version":[{"id":405,"href":"https:\/\/www.pelletsheep.de\/index.php?rest_route=\/wp\/v2\/pages\/114\/revisions\/405"}],"wp:attachment":[{"href":"https:\/\/www.pelletsheep.de\/index.php?rest_route=%2Fwp%2Fv2%2Fmedia&parent=114"}],"curies":[{"name":"wp","href":"https:\/\/api.w.org\/{rel}","templated":true}]}}