{"id":17,"date":"2021-05-22T17:43:00","date_gmt":"2021-05-22T15:43:00","guid":{"rendered":"https:\/\/pelletsheep.de\/?page_id=17"},"modified":"2024-07-15T15:44:55","modified_gmt":"2024-07-15T13:44:55","slug":"shop","status":"publish","type":"page","link":"https:\/\/www.pelletsheep.de\/?page_id=17","title":{"rendered":"Shop"},"content":{"rendered":"\n<figure class=\"wp-block-table is-style-regular\"><table><tbody><tr><td>Gerne senden wir Ihnen Schafwollpellets zu. Da wir f\u00fcr jeden Kunden die passende und g\u00fcnstigste L\u00f6sung f\u00fcr den Versand w\u00e4hlen, bitten wir Sie uns kurz anzurufen 0163\/2513253 oder uns eine Email mit der gew\u00fcnschten Menge und Verwendungszweck zu schicken.  <br><br>Durch eine standardisierte Versendung eines handels\u00fcblichen Onlineshop entstehen ihnen oft Mehrkosten, die wir Ihnen ersparen m\u00f6chten. Der \u00f6kologische Gedanke steht bei uns im Vordergrund. Ebenso haben wir in Deutschland viele Sch\u00e4fer als Lohnkunden, die Wolle zu Pellets bei uns pressen lassen &#8211; dadurch kann ein direkter Kontakt hergestellt werden und oft somit auf Versandkosten ihrerseits komplett verzichtet werden.  Unsere Philosophie: Kurze  Wege &#8211; selbe Sprache. <\/td><td><\/td><td><\/td><td><\/td><td><\/td><td><\/td><\/tr><tr><td><\/td><td><\/td><td><\/td><td><\/td><td><\/td><td><\/td><\/tr><tr><td><\/td><td><\/td><td><\/td><td><\/td><td><\/td><td><\/td><\/tr><\/tbody><\/table><\/figure>\n\n\n\n<div class=\"wp-block-media-text alignwide is-stacked-on-mobile\" style=\"grid-template-columns:15% auto\"><figure class=\"wp-block-media-text__media\"><\/figure><div class=\"wp-block-media-text__content\">\n<figure class=\"wp-block-table\"><table><tbody><tr><td><\/td><td><\/td><\/tr><tr><td><\/td><td><\/td><\/tr><tr><td><\/td><td><\/td><\/tr><tr><td><\/td><td><\/td><\/tr><tr><td><\/td><td><\/td><\/tr><tr><td><\/td><td><\/td><\/tr><tr><td><\/td><\/tr><\/tbody><\/table><\/figure>\n<\/div><\/div>\n","protected":false},"excerpt":{"rendered":"<p>Gerne senden wir Ihnen Schafwollpellets zu. Da wir f\u00fcr jeden Kunden die passende und g\u00fcnstigste L\u00f6sung f\u00fcr den Versand w\u00e4hlen, bitten wir Sie uns kurz anzurufen 0163\/2513253 oder uns eine Email mit der gew\u00fcnschten Menge und Verwendungszweck zu schicken. Durch eine standardisierte Versendung eines handels\u00fcblichen Onlineshop entstehen ihnen oft Mehrkosten, die wir Ihnen ersparen m\u00f6chten. [&hellip;]<\/p>\n","protected":false},"author":2,"featured_media":0,"parent":0,"menu_order":0,"comment_status":"closed","ping_status":"closed","template":"","meta":[],"_links":{"self":[{"href":"https:\/\/www.pelletsheep.de\/index.php?rest_route=\/wp\/v2\/pages\/17"}],"collection":[{"href":"https:\/\/www.pelletsheep.de\/index.php?rest_route=\/wp\/v2\/pages"}],"about":[{"href":"https:\/\/www.pelletsheep.de\/index.php?rest_route=\/wp\/v2\/types\/page"}],"author":[{"embeddable":true,"href":"https:\/\/www.pelletsheep.de\/index.php?rest_route=\/wp\/v2\/users\/2"}],"replies":[{"embeddable":true,"href":"https:\/\/www.pelletsheep.de\/index.php?rest_route=%2Fwp%2Fv2%2Fcomments&post=17"}],"version-history":[{"count":3,"href":"https:\/\/www.pelletsheep.de\/index.php?rest_route=\/wp\/v2\/pages\/17\/revisions"}],"predecessor-version":[{"id":396,"href":"https:\/\/www.pelletsheep.de\/index.php?rest_route=\/wp\/v2\/pages\/17\/revisions\/396"}],"wp:attachment":[{"href":"https:\/\/www.pelletsheep.de\/index.php?rest_route=%2Fwp%2Fv2%2Fmedia&parent=17"}],"curies":[{"name":"wp","href":"https:\/\/api.w.org\/{rel}","templated":true}]}}