{"id":274,"date":"2021-05-22T17:36:38","date_gmt":"2021-05-22T15:36:38","guid":{"rendered":"https:\/\/www.pelletsheep.de\/?page_id=274"},"modified":"2021-05-22T17:36:39","modified_gmt":"2021-05-22T15:36:39","slug":"naehrstoffanalyse","status":"publish","type":"page","link":"https:\/\/www.pelletsheep.de\/?page_id=274","title":{"rendered":"N\u00e4hrstoffanalyse"},"content":{"rendered":"\n<p>Unsere D\u00fcngepellets werden regelm\u00e4\u00dfig einer N\u00e4hrstoffanalyse unterzogen. Gerne k\u00f6nnen Sie mit uns Kontakt aufnehmen um ein aktuelles Analyseergebnis zu erfragen. <\/p>\n","protected":false},"excerpt":{"rendered":"<p>Unsere D\u00fcngepellets werden regelm\u00e4\u00dfig einer N\u00e4hrstoffanalyse unterzogen. Gerne k\u00f6nnen Sie mit uns Kontakt aufnehmen um ein aktuelles Analyseergebnis zu erfragen.<\/p>\n","protected":false},"author":2,"featured_media":0,"parent":0,"menu_order":0,"comment_status":"closed","ping_status":"closed","template":"","meta":[],"_links":{"self":[{"href":"https:\/\/www.pelletsheep.de\/index.php?rest_route=\/wp\/v2\/pages\/274"}],"collection":[{"href":"https:\/\/www.pelletsheep.de\/index.php?rest_route=\/wp\/v2\/pages"}],"about":[{"href":"https:\/\/www.pelletsheep.de\/index.php?rest_route=\/wp\/v2\/types\/page"}],"author":[{"embeddable":true,"href":"https:\/\/www.pelletsheep.de\/index.php?rest_route=\/wp\/v2\/users\/2"}],"replies":[{"embeddable":true,"href":"https:\/\/www.pelletsheep.de\/index.php?rest_route=%2Fwp%2Fv2%2Fcomments&post=274"}],"version-history":[{"count":1,"href":"https:\/\/www.pelletsheep.de\/index.php?rest_route=\/wp\/v2\/pages\/274\/revisions"}],"predecessor-version":[{"id":276,"href":"https:\/\/www.pelletsheep.de\/index.php?rest_route=\/wp\/v2\/pages\/274\/revisions\/276"}],"wp:attachment":[{"href":"https:\/\/www.pelletsheep.de\/index.php?rest_route=%2Fwp%2Fv2%2Fmedia&parent=274"}],"curies":[{"name":"wp","href":"https:\/\/api.w.org\/{rel}","templated":true}]}}